



{"id":2282,"date":"2019-05-06T08:05:17","date_gmt":"2019-05-06T08:05:17","guid":{"rendered":"http:\/\/muziejus.vgtu.lt\/?page_id=2282"},"modified":"2019-09-13T07:48:19","modified_gmt":"2019-09-13T07:48:19","slug":"uber-das-museum","status":"publish","type":"page","link":"https:\/\/www.silutesmuziejus.lt\/en\/de\/uber-das-museum\/","title":{"rendered":"\u00dcber das Museum"},"content":{"rendered":"<div data-elementor-type=\"wp-post\" data-elementor-id=\"2282\" class=\"elementor elementor-2282\" data-elementor-settings=\"[]\">\n\t\t\t\t\t\t<div class=\"elementor-inner\">\n\t\t\t\t\t\t\t<div class=\"elementor-section-wrap\">\n\t\t\t\t\t\t\t<section class=\"elementor-section elementor-top-section elementor-element elementor-element-2d6bb1d elementor-section-boxed elementor-section-height-default elementor-section-height-default\" data-id=\"2d6bb1d\" data-element_type=\"section\">\n\t\t\t\t\t\t<div class=\"elementor-container elementor-column-gap-default\">\n\t\t\t\t\t\t\t<div class=\"elementor-row\">\n\t\t\t\t\t<div class=\"elementor-column elementor-col-100 elementor-top-column elementor-element elementor-element-b542f2f\" data-id=\"b542f2f\" data-element_type=\"column\">\n\t\t\t<div class=\"elementor-column-wrap elementor-element-populated\">\n\t\t\t\t\t\t\t<div class=\"elementor-widget-wrap\">\n\t\t\t\t\t\t<div class=\"elementor-element elementor-element-e907e8e elementor-widget elementor-widget-text-editor\" data-id=\"e907e8e\" data-element_type=\"widget\" data-widget_type=\"text-editor.default\">\n\t\t\t\t<div class=\"elementor-widget-container\">\n\t\t\t\t\t\t\t\t<div class=\"elementor-text-editor elementor-clearfix\">\n\t\t\t\t<p><strong><img loading=\"lazy\" decoding=\"async\" class=\"alignnone wp-image-4329 size-full\" src=\"http:\/\/muziejus.vgtu.lt\/wp-content\/uploads\/2019\/09\/h-sojaus-rumai-1024x6231.png\" alt=\"\" width=\"998\" height=\"606\" srcset=\"https:\/\/www.silutesmuziejus.lt\/wp-content\/uploads\/2019\/09\/h-sojaus-rumai-1024x6231.png 998w, https:\/\/www.silutesmuziejus.lt\/wp-content\/uploads\/2019\/09\/h-sojaus-rumai-1024x6231-300x182.png 300w, https:\/\/www.silutesmuziejus.lt\/wp-content\/uploads\/2019\/09\/h-sojaus-rumai-1024x6231-768x466.png 768w\" sizes=\"(max-width: 998px) 100vw, 998px\" \/><\/strong><\/p><p><strong>Die ersten Schritte in Richtung der Gr<\/strong><strong>\u00fcndung des Museums<\/strong><\/p><p>\u00a0<\/p><p>Die Geschichte des Hugo Scheu Museums in Silute f\u00e4ngt am Ende des 19. Jahrhunderts an, als der Gutsbesitzer Hugo Scheu aus Memel \u00a0den alten Gutshof in Heydekrug gekauft hat. Er war ein sehr bekannter Mann aus dem Kreis Memel, der sehr aktiv im wirtschaftlichen und kulturellen Bereich von Ostpreu\u00dfen auftrat. H. Scheu sah, dass die Traditionen und Unternehmen nach der industriellen Revolution sehr schnell verschwanden. Deshalb hat er in zwei Zimmern seines Gutshofes die ethnographische Sammlung und Folklore des Memellandes gesammelt. Im Museum des Gutshofes gab es f\u00fcr die ostpreu\u00dfische Ethnographie viele interessante M\u00f6bel, Kleidung, Dokumente, verschiedene Ver\u00f6fentlichungen und Kartensammlungen. Es wurde besonders viel von alten litauischen Kleidungs- und Stoffmustern gesammelt. Das war das erste Museum im Memelland. Das Museum stand nur der Intelligenz und Wissenschaftlern zur Verf\u00fcgung.<\/p><p><strong>Zerst\u00f6rte Exponate<\/strong><\/p><p>Das Kulturerbe im Hof Heydekrug wurde Ende des zweiten Weltkrieges besonders besch\u00e4digt, als der Hofbesitzer Dr. Werner Scheu, Enkel von H. Scheu, mit der Familie nach Westen fl\u00fcchten musste. Im Hof\u00a0 wurden Truppen der Sowjetarmee stationiert. Am 19. Februar 1945 bekam der Hof als Verwalter des Hofmuseums Martin Toleikis aus Memel. In seinen Aufzeichnungen stand: \u201eEin Gro\u00dfteil der Exponate lag auf dem Boden und mit dem Abfall gemischt\u2026\u201c. Im selben Jahr im Februar wurde das Gutshofmuseum zur Filiale der Litauischen Akademie der Wissenschaften und Martin Toleikis zum Pr\u00e4parator des Museums.<\/p><p><strong>Das Museum wurde zum zweiten Leben erweckt<\/strong><\/p><p>Im August 1948 wurde der Gutshof der Gartenbau- und Imkerei Schule, die vorher zu Kretinga geh\u00f6rte, \u00fcbertragen. Dann wurde das Museum in ein anderes Haus des Stadtzentrums Silute verlegt (Adresse: Lietuvininku Str.36). Die feierliche Er\u00f6ffnung fand am 7 Nov. 1949 statt, und so wurde ein Landeskundliches Museum Silute gegr\u00fcndet. Direktor des Museums war der Lehrer M. Jonaitis. Im Museum gab es damals 718 Exponate.<\/p><p>Gro\u00dfe Aufmerksamkeit f\u00fcr die Erneuerung der altert\u00fcmlichen Denkm\u00e4ler widmete die damalige Direktorin und Arch\u00e4ologin (1956\u20131961) J. Kvilonaite. Einen gro\u00dfen Einfluss f\u00fcr die Bildung der Museumssammlung im Jahr 1961\u20131987 hatte die Aktivit\u00e4t der damaligen Direktorin D. Lukoseviciute-Narbutiene. In dieser Zeit wurden sehr aktiv viele Expeditionen organisiert, w\u00e4hrend \u00a0wertvolle Sammlungen von Werkzeugen aus Landwirtschaft und Fischerei, auch verschiedene Ver\u00f6fentlichungen zusammengetragen wurden.<\/p><p>Seit 1965 geh\u00f6rte, laut Gesetz vom Kulturministerium, das landeskundliche Museum Heydekrug zur Filiale des landeskundlichen Museums von Klaipeda. Die Reorganisierung des Museums war nicht n\u00fctzlich. Die Situation des Objektes, das schon Kulturheim war, hatte sich noch verschlechtert, als 1972 das landeskundliche Museum Memel\u00a0 dem \u00a0Exekutivkomitee untergeordnet war. Die Hauptausstellungen des Museums Heydekrug wurde nach der 8-j\u00e4hrigen Arbeit geschlossen.<\/p><p><strong>Nach der Wiederherstellung der Unabh\u00e4ngigkeit<\/strong><\/p><p>Nach der Unabh\u00e4ngigkeitserkl\u00e4rung Litauens im Jahr 1990 war Gr\u00fcnder des Museums Heydekrug die Stadtverwaltung Silute. Im selben Jahr begann \u00a0Frau Roza Siksniene\u00a0 das Museum zu\u00a0 f\u00fchren, die bis heute die Direktorin des Museums ist. Das Museum bekam einen anderen Namen \u00a0\u2013 Museum Silute (Heydekrug). Nach der \u00c4nderung des Namens wurden auch kardinale Ver\u00e4nderungen im Inneren des Museums durchgef\u00fchrt \u2013 neue Ausstellungen vorbereitet und auch die wertvollen Exponate der Sammlung von Hugo Scheu ausgestellt. Es sind folgende Filialen des Museums gegr\u00fcndet: in Kintai, Bitenai, Sveksna, Zemaiciu Naumiestis, Macikai. So wurde im Bezirk Heydekrug das Museumsnetz erstellt, das die historische Entwicklung des Kreises widerspiegelt. Das Museum Heydekrug hat seinen Namen \u00fcber 20 Jahre behalten. Erst\u00a0 am 9. April 2015 erhielt das Museum den neuen Namen: Hugo Scheu Museum Silute .<\/p><p><strong>Renaissance des Museums<\/strong><\/p><p>Das bedeuteste Datum der Museumsgeschichte ist der 30. Mai 2015. An diesem Tag wurde im Rahmen des Silute Stadtfestes zur \u00a0Er\u00f6ffnung des Gutshofes feierlich das Band durchgeschnitten und f\u00fcr die Bediensteten des Museums die Schl\u00fcssel des restaurierten Gutshofes \u00fcbergeben. Endlich wurde die viele Jahrzehnte erhoffte Vision wahr und das Museum bekam endg\u00fcltig ein eigenes Gesicht. Selbst der ehemalige Gutsherr Dr. Hugo Scheu hat damals gesagt, dass das Museum ohne Gutshof unvorstellbar ist. Seine Vision wurde erf\u00fcllt und die Bediensteten des Museums freuen sich der \u00d6ffentlichkeit die von M\u00e4zen Hugo Scheu gesammelten restlichen Reliquien und andere historische Sch\u00e4tze zu pr\u00e4sentieren.<\/p><p>Zur Zeit gibt es im Gutshof ein Museum, Restaurierungs- und Bildungszentrum, in der die Restaurierungswerkstatt gegr\u00fcndet ist. In der Restaurierungswerkstatt arbeiten die Restauratoren von Textil, Holz und Papier. Auch ein Bildungsraum, zum Beispiel f\u00fcr Schulen, steht zur Verf\u00fcgung. Im Gutsmuseum gibt es die innere eigene Bibliothek mit Archiv.<\/p><p>Im restaurierten Gutshaus gibt es auch einen Freskensaal, es werden Belichtungen f\u00fcr das Gastzimmer und Kabinett von Dr. H. Scheu eingerichtet. Im ersten Stock des Gutes gibt es zwei Ausstellungsshallen. Zur Zeit l\u00e4uft die Ausstellung der ethnographischen \u201eSammlung von Herrn H. Scheu\u201c. Es werden auch die zwei neuen Belichtungen vorbereitet. Im ersten Stock werden folgende Ausstellungen eingerichtet: \u201eDie K\u00fcche und das Esszimmer des Gutshofes\u201d und \u201edie Geschichte der Stadt\u201c. Im zweiten Stock wird die Ausstellung \u201eGutshaus und seine Besitzer\u201c vorbereitet. Auch \u00a0die Ausstellung der ethnographischen und archeologischen Sammlung wird belichtet. Es wird ein Herbarium eingerichtet, und auch gibt es die M\u00f6glichkeit die vom Ausland mitgebrachten Souvenirs vom damaligen Besitzer des Gutshofes zu sehen und auch seine Errinerungen zu lesen.<\/p><p>Im Museum und seiner Filiale gibt es zur Zeit 60 150 Exponate.<\/p><p><strong>Die wirklich kulturelle<\/strong> <strong>Stadtperle<\/strong> <strong>\u2013 der Gutshof von Hugo Scheu in Silute\/Heydekrug \u2013 wartet auf Sie! Ber\u00fchren Sie die Geschichte von Kleinlitauen (Preussisch Litauen)\u2026<\/strong><\/p>\t\t\t\t\t<\/div>\n\t\t\t\t\t\t<\/div>\n\t\t\t\t<\/div>\n\t\t\t\t\t\t<\/div>\n\t\t\t\t\t<\/div>\n\t\t<\/div>\n\t\t\t\t\t\t\t\t<\/div>\n\t\t\t\t\t<\/div>\n\t\t<\/section>\n\t\t\t\t\t\t<\/div>\n\t\t\t\t\t\t<\/div>\n\t\t\t\t\t<\/div>","protected":false},"excerpt":{"rendered":"<p>Die ersten Schritte in Richtung der Gr\u00fcndung des Museums \u00a0 Die Geschichte des Hugo Scheu Museums in Silute f\u00e4ngt am Ende des 19. Jahrhunderts an, als der Gutsbesitzer Hugo Scheu aus Memel \u00a0den alten Gutshof in Heydekrug gekauft hat. Er war ein sehr bekannter Mann aus dem Kreis Memel, der sehr aktiv im wirtschaftlichen und [&hellip;]<\/p>","protected":false},"author":1,"featured_media":0,"parent":2315,"menu_order":0,"comment_status":"closed","ping_status":"closed","template":"","meta":{"spay_email":"","footnotes":""},"categories":[51],"tags":[],"yoast_head":"<!-- This site is optimized with the Yoast SEO plugin v22.4 - https:\/\/yoast.com\/wordpress\/plugins\/seo\/ -->\n<title>\u00dcber das Museum &#8211; \u0160ilut\u0117s Hugo \u0160ojaus muziejus<\/title>\n<meta name=\"robots\" content=\"index, follow, max-snippet:-1, max-image-preview:large, max-video-preview:-1\" \/>\n<link rel=\"canonical\" href=\"https:\/\/www.silutesmuziejus.lt\/en\/de\/uber-das-museum\/\" \/>\n<meta property=\"og:locale\" content=\"en_US\" \/>\n<meta property=\"og:type\" content=\"article\" \/>\n<meta property=\"og:title\" content=\"\u00dcber das Museum &#8211; \u0160ilut\u0117s Hugo \u0160ojaus muziejus\" \/>\n<meta property=\"og:description\" content=\"Die ersten Schritte in Richtung der Gr\u00fcndung des Museums \u00a0 Die Geschichte des Hugo Scheu Museums in Silute f\u00e4ngt am Ende des 19. Jahrhunderts an, als der Gutsbesitzer Hugo Scheu aus Memel \u00a0den alten Gutshof in Heydekrug gekauft hat. Er war ein sehr bekannter Mann aus dem Kreis Memel, der sehr aktiv im wirtschaftlichen und [&hellip;]\" \/>\n<meta property=\"og:url\" content=\"https:\/\/www.silutesmuziejus.lt\/en\/de\/uber-das-museum\/\" \/>\n<meta property=\"og:site_name\" content=\"\u0160ilut\u0117s Hugo \u0160ojaus muziejus\" \/>\n<meta property=\"article:publisher\" content=\"https:\/\/www.facebook.com\/SilutesMuziejus\/\" \/>\n<meta property=\"article:modified_time\" content=\"2019-09-13T07:48:19+00:00\" \/>\n<meta property=\"og:image\" content=\"http:\/\/www.silutesmuziejus.lt\/wp-content\/uploads\/2019\/09\/h-sojaus-rumai-1024x6231.png\" \/>\n<meta name=\"twitter:card\" content=\"summary_large_image\" \/>\n<meta name=\"twitter:label1\" content=\"Est. reading time\" \/>\n\t<meta name=\"twitter:data1\" content=\"4 minutes\" \/>\n<script type=\"application\/ld+json\" class=\"yoast-schema-graph\">{\"@context\":\"https:\/\/schema.org\",\"@graph\":[{\"@type\":\"WebPage\",\"@id\":\"https:\/\/www.silutesmuziejus.lt\/de\/uber-das-museum\/\",\"url\":\"https:\/\/www.silutesmuziejus.lt\/de\/uber-das-museum\/\",\"name\":\"\u00dcber das Museum &#8211; \u0160ilut\u0117s Hugo \u0160ojaus muziejus\",\"isPartOf\":{\"@id\":\"https:\/\/www.silutesmuziejus.lt\/#website\"},\"primaryImageOfPage\":{\"@id\":\"https:\/\/www.silutesmuziejus.lt\/de\/uber-das-museum\/#primaryimage\"},\"image\":{\"@id\":\"https:\/\/www.silutesmuziejus.lt\/de\/uber-das-museum\/#primaryimage\"},\"thumbnailUrl\":\"http:\/\/www.silutesmuziejus.lt\/wp-content\/uploads\/2019\/09\/h-sojaus-rumai-1024x6231.png\",\"datePublished\":\"2019-05-06T08:05:17+00:00\",\"dateModified\":\"2019-09-13T07:48:19+00:00\",\"breadcrumb\":{\"@id\":\"https:\/\/www.silutesmuziejus.lt\/de\/uber-das-museum\/#breadcrumb\"},\"inLanguage\":\"en-US\",\"potentialAction\":[{\"@type\":\"ReadAction\",\"target\":[\"https:\/\/www.silutesmuziejus.lt\/de\/uber-das-museum\/\"]}]},{\"@type\":\"ImageObject\",\"inLanguage\":\"en-US\",\"@id\":\"https:\/\/www.silutesmuziejus.lt\/de\/uber-das-museum\/#primaryimage\",\"url\":\"http:\/\/www.silutesmuziejus.lt\/wp-content\/uploads\/2019\/09\/h-sojaus-rumai-1024x6231.png\",\"contentUrl\":\"http:\/\/www.silutesmuziejus.lt\/wp-content\/uploads\/2019\/09\/h-sojaus-rumai-1024x6231.png\"},{\"@type\":\"BreadcrumbList\",\"@id\":\"https:\/\/www.silutesmuziejus.lt\/de\/uber-das-museum\/#breadcrumb\",\"itemListElement\":[{\"@type\":\"ListItem\",\"position\":1,\"name\":\"Home\",\"item\":\"https:\/\/www.silutesmuziejus.lt\/\"},{\"@type\":\"ListItem\",\"position\":2,\"name\":\"Zuhause\",\"item\":\"https:\/\/www.silutesmuziejus.lt\/de\/\"},{\"@type\":\"ListItem\",\"position\":3,\"name\":\"\u00dcber das Museum\"}]},{\"@type\":\"WebSite\",\"@id\":\"https:\/\/www.silutesmuziejus.lt\/#website\",\"url\":\"https:\/\/www.silutesmuziejus.lt\/\",\"name\":\"\u0160ilut\u0117s Hugo \u0160ojaus muziejus\",\"description\":\"Oficialus \u0160ilut\u0117s Hugo \u0160ojaus muziejaus internetinis puslapis.\",\"publisher\":{\"@id\":\"https:\/\/www.silutesmuziejus.lt\/#organization\"},\"potentialAction\":[{\"@type\":\"SearchAction\",\"target\":{\"@type\":\"EntryPoint\",\"urlTemplate\":\"https:\/\/www.silutesmuziejus.lt\/?s={search_term_string}\"},\"query-input\":\"required name=search_term_string\"}],\"inLanguage\":\"en-US\"},{\"@type\":\"Organization\",\"@id\":\"https:\/\/www.silutesmuziejus.lt\/#organization\",\"name\":\"\u0160ilut\u0117s Hugo \u0160ojaus muziejus\",\"url\":\"https:\/\/www.silutesmuziejus.lt\/\",\"logo\":{\"@type\":\"ImageObject\",\"inLanguage\":\"en-US\",\"@id\":\"https:\/\/www.silutesmuziejus.lt\/#\/schema\/logo\/image\/\",\"url\":\"https:\/\/www.silutesmuziejus.lt\/wp-content\/uploads\/2024\/07\/logotipas.png\",\"contentUrl\":\"https:\/\/www.silutesmuziejus.lt\/wp-content\/uploads\/2024\/07\/logotipas.png\",\"width\":1200,\"height\":506,\"caption\":\"\u0160ilut\u0117s Hugo \u0160ojaus muziejus\"},\"image\":{\"@id\":\"https:\/\/www.silutesmuziejus.lt\/#\/schema\/logo\/image\/\"},\"sameAs\":[\"https:\/\/www.facebook.com\/SilutesMuziejus\/\"]}]}<\/script>\n<!-- \/ Yoast SEO plugin. -->","yoast_head_json":{"title":"\u00dcber das Museum &#8211; \u0160ilut\u0117s Hugo \u0160ojaus muziejus","robots":{"index":"index","follow":"follow","max-snippet":"max-snippet:-1","max-image-preview":"max-image-preview:large","max-video-preview":"max-video-preview:-1"},"canonical":"https:\/\/www.silutesmuziejus.lt\/en\/de\/uber-das-museum\/","og_locale":"en_US","og_type":"article","og_title":"\u00dcber das Museum &#8211; \u0160ilut\u0117s Hugo \u0160ojaus muziejus","og_description":"Die ersten Schritte in Richtung der Gr\u00fcndung des Museums \u00a0 Die Geschichte des Hugo Scheu Museums in Silute f\u00e4ngt am Ende des 19. Jahrhunderts an, als der Gutsbesitzer Hugo Scheu aus Memel \u00a0den alten Gutshof in Heydekrug gekauft hat. Er war ein sehr bekannter Mann aus dem Kreis Memel, der sehr aktiv im wirtschaftlichen und [&hellip;]","og_url":"https:\/\/www.silutesmuziejus.lt\/en\/de\/uber-das-museum\/","og_site_name":"\u0160ilut\u0117s Hugo \u0160ojaus muziejus","article_publisher":"https:\/\/www.facebook.com\/SilutesMuziejus\/","article_modified_time":"2019-09-13T07:48:19+00:00","og_image":[{"url":"http:\/\/www.silutesmuziejus.lt\/wp-content\/uploads\/2019\/09\/h-sojaus-rumai-1024x6231.png"}],"twitter_card":"summary_large_image","twitter_misc":{"Est. reading time":"4 minutes"},"schema":{"@context":"https:\/\/schema.org","@graph":[{"@type":"WebPage","@id":"https:\/\/www.silutesmuziejus.lt\/de\/uber-das-museum\/","url":"https:\/\/www.silutesmuziejus.lt\/de\/uber-das-museum\/","name":"\u00dcber das Museum &#8211; \u0160ilut\u0117s Hugo \u0160ojaus muziejus","isPartOf":{"@id":"https:\/\/www.silutesmuziejus.lt\/#website"},"primaryImageOfPage":{"@id":"https:\/\/www.silutesmuziejus.lt\/de\/uber-das-museum\/#primaryimage"},"image":{"@id":"https:\/\/www.silutesmuziejus.lt\/de\/uber-das-museum\/#primaryimage"},"thumbnailUrl":"http:\/\/www.silutesmuziejus.lt\/wp-content\/uploads\/2019\/09\/h-sojaus-rumai-1024x6231.png","datePublished":"2019-05-06T08:05:17+00:00","dateModified":"2019-09-13T07:48:19+00:00","breadcrumb":{"@id":"https:\/\/www.silutesmuziejus.lt\/de\/uber-das-museum\/#breadcrumb"},"inLanguage":"en-US","potentialAction":[{"@type":"ReadAction","target":["https:\/\/www.silutesmuziejus.lt\/de\/uber-das-museum\/"]}]},{"@type":"ImageObject","inLanguage":"en-US","@id":"https:\/\/www.silutesmuziejus.lt\/de\/uber-das-museum\/#primaryimage","url":"http:\/\/www.silutesmuziejus.lt\/wp-content\/uploads\/2019\/09\/h-sojaus-rumai-1024x6231.png","contentUrl":"http:\/\/www.silutesmuziejus.lt\/wp-content\/uploads\/2019\/09\/h-sojaus-rumai-1024x6231.png"},{"@type":"BreadcrumbList","@id":"https:\/\/www.silutesmuziejus.lt\/de\/uber-das-museum\/#breadcrumb","itemListElement":[{"@type":"ListItem","position":1,"name":"Home","item":"https:\/\/www.silutesmuziejus.lt\/"},{"@type":"ListItem","position":2,"name":"Zuhause","item":"https:\/\/www.silutesmuziejus.lt\/de\/"},{"@type":"ListItem","position":3,"name":"\u00dcber das Museum"}]},{"@type":"WebSite","@id":"https:\/\/www.silutesmuziejus.lt\/#website","url":"https:\/\/www.silutesmuziejus.lt\/","name":"\u0160ilut\u0117s Hugo \u0160ojaus muziejus","description":"Oficialus \u0160ilut\u0117s Hugo \u0160ojaus muziejaus internetinis puslapis.","publisher":{"@id":"https:\/\/www.silutesmuziejus.lt\/#organization"},"potentialAction":[{"@type":"SearchAction","target":{"@type":"EntryPoint","urlTemplate":"https:\/\/www.silutesmuziejus.lt\/?s={search_term_string}"},"query-input":"required name=search_term_string"}],"inLanguage":"en-US"},{"@type":"Organization","@id":"https:\/\/www.silutesmuziejus.lt\/#organization","name":"\u0160ilut\u0117s Hugo \u0160ojaus muziejus","url":"https:\/\/www.silutesmuziejus.lt\/","logo":{"@type":"ImageObject","inLanguage":"en-US","@id":"https:\/\/www.silutesmuziejus.lt\/#\/schema\/logo\/image\/","url":"https:\/\/www.silutesmuziejus.lt\/wp-content\/uploads\/2024\/07\/logotipas.png","contentUrl":"https:\/\/www.silutesmuziejus.lt\/wp-content\/uploads\/2024\/07\/logotipas.png","width":1200,"height":506,"caption":"\u0160ilut\u0117s Hugo \u0160ojaus muziejus"},"image":{"@id":"https:\/\/www.silutesmuziejus.lt\/#\/schema\/logo\/image\/"},"sameAs":["https:\/\/www.facebook.com\/SilutesMuziejus\/"]}]}},"post_mailing_queue_ids":[],"_links":{"self":[{"href":"https:\/\/www.silutesmuziejus.lt\/en\/wp-json\/wp\/v2\/pages\/2282"}],"collection":[{"href":"https:\/\/www.silutesmuziejus.lt\/en\/wp-json\/wp\/v2\/pages"}],"about":[{"href":"https:\/\/www.silutesmuziejus.lt\/en\/wp-json\/wp\/v2\/types\/page"}],"author":[{"embeddable":true,"href":"https:\/\/www.silutesmuziejus.lt\/en\/wp-json\/wp\/v2\/users\/1"}],"replies":[{"embeddable":true,"href":"https:\/\/www.silutesmuziejus.lt\/en\/wp-json\/wp\/v2\/comments?post=2282"}],"version-history":[{"count":2,"href":"https:\/\/www.silutesmuziejus.lt\/en\/wp-json\/wp\/v2\/pages\/2282\/revisions"}],"predecessor-version":[{"id":4455,"href":"https:\/\/www.silutesmuziejus.lt\/en\/wp-json\/wp\/v2\/pages\/2282\/revisions\/4455"}],"up":[{"embeddable":true,"href":"https:\/\/www.silutesmuziejus.lt\/en\/wp-json\/wp\/v2\/pages\/2315"}],"wp:attachment":[{"href":"https:\/\/www.silutesmuziejus.lt\/en\/wp-json\/wp\/v2\/media?parent=2282"}],"wp:term":[{"taxonomy":"category","embeddable":true,"href":"https:\/\/www.silutesmuziejus.lt\/en\/wp-json\/wp\/v2\/categories?post=2282"},{"taxonomy":"post_tag","embeddable":true,"href":"https:\/\/www.silutesmuziejus.lt\/en\/wp-json\/wp\/v2\/tags?post=2282"}],"curies":[{"name":"wp","href":"https:\/\/api.w.org\/{rel}","templated":true}]}}