



{"id":11785,"date":"2022-08-11T11:56:32","date_gmt":"2022-08-11T08:56:32","guid":{"rendered":"https:\/\/www.silutesmuziejus.lt\/?page_id=11785"},"modified":"2022-08-11T14:17:05","modified_gmt":"2022-08-11T11:17:05","slug":"vadovu-darbotvarkes","status":"publish","type":"page","link":"https:\/\/www.silutesmuziejus.lt\/en\/home\/administracine-informacija-2\/vadovu-darbotvarkes\/","title":{"rendered":"Vadov\u0173 darbotvark\u0117s"},"content":{"rendered":"<div data-elementor-type=\"wp-page\" data-elementor-id=\"11785\" class=\"elementor elementor-11785\" data-elementor-settings=\"[]\">\n\t\t\t\t\t\t<div class=\"elementor-inner\">\n\t\t\t\t\t\t\t<div class=\"elementor-section-wrap\">\n\t\t\t\t\t\t\t<section class=\"elementor-section elementor-top-section elementor-element elementor-element-23a07df elementor-section-boxed elementor-section-height-default elementor-section-height-default\" data-id=\"23a07df\" data-element_type=\"section\">\n\t\t\t\t\t\t<div class=\"elementor-container elementor-column-gap-default\">\n\t\t\t\t\t\t\t<div class=\"elementor-row\">\n\t\t\t\t\t<div class=\"elementor-column elementor-col-100 elementor-top-column elementor-element elementor-element-882ffae\" data-id=\"882ffae\" data-element_type=\"column\">\n\t\t\t<div class=\"elementor-column-wrap elementor-element-populated\">\n\t\t\t\t\t\t\t<div class=\"elementor-widget-wrap\">\n\t\t\t\t\t\t<div class=\"elementor-element elementor-element-24047ff elementor-widget elementor-widget-heading\" data-id=\"24047ff\" data-element_type=\"widget\" data-widget_type=\"heading.default\">\n\t\t\t\t<div class=\"elementor-widget-container\">\n\t\t\t<h2 class=\"elementor-heading-title elementor-size-default\">Informacija ruo\u0161iama. <\/h2>\t\t<\/div>\n\t\t\t\t<\/div>\n\t\t\t\t\t\t<\/div>\n\t\t\t\t\t<\/div>\n\t\t<\/div>\n\t\t\t\t\t\t\t\t<\/div>\n\t\t\t\t\t<\/div>\n\t\t<\/section>\n\t\t\t\t\t\t<\/div>\n\t\t\t\t\t\t<\/div>\n\t\t\t\t\t<\/div>","protected":false},"excerpt":{"rendered":"<p>Informacija ruo\u0161iama.<\/p>","protected":false},"author":6,"featured_media":11786,"parent":437,"menu_order":0,"comment_status":"closed","ping_status":"closed","template":"","meta":{"spay_email":"","footnotes":""},"categories":[50],"tags":[],"yoast_head":"<!-- This site is optimized with the Yoast SEO plugin v22.4 - https:\/\/yoast.com\/wordpress\/plugins\/seo\/ -->\n<title>\u0160ilut\u0117s Hugo \u0160ojaus muziejus &#8211; Vadov\u0173 darbotvark\u0117s<\/title>\n<meta name=\"description\" content=\"\u0160ilut\u0117s Hugo \u0160ojaus muziejaus direktor\u0117s ir direktor\u0117s pavaduotojos vyriausiosios fond\u0173 saugotojos darbotvark\u0117s.\" \/>\n<meta name=\"robots\" content=\"index, follow, max-snippet:-1, max-image-preview:large, max-video-preview:-1\" \/>\n<link rel=\"canonical\" href=\"https:\/\/www.silutesmuziejus.lt\/en\/home\/administracine-informacija-2\/vadovu-darbotvarkes\/\" \/>\n<meta property=\"og:locale\" content=\"en_US\" \/>\n<meta property=\"og:type\" content=\"article\" \/>\n<meta property=\"og:title\" content=\"\u0160ilut\u0117s Hugo \u0160ojaus muziejus &#8211; Vadov\u0173 darbotvark\u0117s\" \/>\n<meta property=\"og:description\" content=\"\u0160ilut\u0117s Hugo \u0160ojaus muziejaus direktor\u0117s ir direktor\u0117s pavaduotojos vyriausiosios fond\u0173 saugotojos darbotvark\u0117s.\" \/>\n<meta property=\"og:url\" content=\"https:\/\/www.silutesmuziejus.lt\/en\/home\/administracine-informacija-2\/vadovu-darbotvarkes\/\" \/>\n<meta property=\"og:site_name\" content=\"\u0160ilut\u0117s Hugo \u0160ojaus muziejus\" \/>\n<meta property=\"article:publisher\" content=\"https:\/\/www.facebook.com\/SilutesMuziejus\/\" \/>\n<meta property=\"article:modified_time\" content=\"2022-08-11T11:17:05+00:00\" \/>\n<meta property=\"og:image\" content=\"https:\/\/www.silutesmuziejus.lt\/wp-content\/uploads\/2022\/08\/silutes-muziejus-60d1a0f56c6e8.jpg\" \/>\n\t<meta property=\"og:image:width\" content=\"1920\" \/>\n\t<meta property=\"og:image:height\" content=\"1280\" \/>\n\t<meta property=\"og:image:type\" content=\"image\/jpeg\" \/>\n<meta name=\"twitter:card\" content=\"summary_large_image\" \/>\n<meta name=\"twitter:label1\" content=\"Est. reading time\" \/>\n\t<meta name=\"twitter:data1\" content=\"1 minute\" \/>\n<script type=\"application\/ld+json\" class=\"yoast-schema-graph\">{\"@context\":\"https:\/\/schema.org\",\"@graph\":[{\"@type\":\"WebPage\",\"@id\":\"https:\/\/www.silutesmuziejus.lt\/home\/administracine-informacija-2\/vadovu-darbotvarkes\/\",\"url\":\"https:\/\/www.silutesmuziejus.lt\/home\/administracine-informacija-2\/vadovu-darbotvarkes\/\",\"name\":\"\u0160ilut\u0117s Hugo \u0160ojaus muziejus &#8211; Vadov\u0173 darbotvark\u0117s\",\"isPartOf\":{\"@id\":\"https:\/\/www.silutesmuziejus.lt\/#website\"},\"primaryImageOfPage\":{\"@id\":\"https:\/\/www.silutesmuziejus.lt\/home\/administracine-informacija-2\/vadovu-darbotvarkes\/#primaryimage\"},\"image\":{\"@id\":\"https:\/\/www.silutesmuziejus.lt\/home\/administracine-informacija-2\/vadovu-darbotvarkes\/#primaryimage\"},\"thumbnailUrl\":\"https:\/\/www.silutesmuziejus.lt\/wp-content\/uploads\/2022\/08\/silutes-muziejus-60d1a0f56c6e8.jpg\",\"datePublished\":\"2022-08-11T08:56:32+00:00\",\"dateModified\":\"2022-08-11T11:17:05+00:00\",\"description\":\"\u0160ilut\u0117s Hugo \u0160ojaus muziejaus direktor\u0117s ir direktor\u0117s pavaduotojos vyriausiosios fond\u0173 saugotojos darbotvark\u0117s.\",\"breadcrumb\":{\"@id\":\"https:\/\/www.silutesmuziejus.lt\/home\/administracine-informacija-2\/vadovu-darbotvarkes\/#breadcrumb\"},\"inLanguage\":\"en-US\",\"potentialAction\":[{\"@type\":\"ReadAction\",\"target\":[\"https:\/\/www.silutesmuziejus.lt\/home\/administracine-informacija-2\/vadovu-darbotvarkes\/\"]}]},{\"@type\":\"ImageObject\",\"inLanguage\":\"en-US\",\"@id\":\"https:\/\/www.silutesmuziejus.lt\/home\/administracine-informacija-2\/vadovu-darbotvarkes\/#primaryimage\",\"url\":\"https:\/\/www.silutesmuziejus.lt\/wp-content\/uploads\/2022\/08\/silutes-muziejus-60d1a0f56c6e8.jpg\",\"contentUrl\":\"https:\/\/www.silutesmuziejus.lt\/wp-content\/uploads\/2022\/08\/silutes-muziejus-60d1a0f56c6e8.jpg\",\"width\":1920,\"height\":1280},{\"@type\":\"BreadcrumbList\",\"@id\":\"https:\/\/www.silutesmuziejus.lt\/home\/administracine-informacija-2\/vadovu-darbotvarkes\/#breadcrumb\",\"itemListElement\":[{\"@type\":\"ListItem\",\"position\":1,\"name\":\"Home\",\"item\":\"https:\/\/www.silutesmuziejus.lt\/\"},{\"@type\":\"ListItem\",\"position\":2,\"name\":\"Pradinis\",\"item\":\"https:\/\/www.silutesmuziejus.lt\/\"},{\"@type\":\"ListItem\",\"position\":3,\"name\":\"Administracin\u0117 informacija\",\"item\":\"https:\/\/www.silutesmuziejus.lt\/home\/administracine-informacija-2\/\"},{\"@type\":\"ListItem\",\"position\":4,\"name\":\"Vadov\u0173 darbotvark\u0117s\"}]},{\"@type\":\"WebSite\",\"@id\":\"https:\/\/www.silutesmuziejus.lt\/#website\",\"url\":\"https:\/\/www.silutesmuziejus.lt\/\",\"name\":\"\u0160ilut\u0117s Hugo \u0160ojaus muziejus\",\"description\":\"Oficialus \u0160ilut\u0117s Hugo \u0160ojaus muziejaus internetinis puslapis.\",\"publisher\":{\"@id\":\"https:\/\/www.silutesmuziejus.lt\/#organization\"},\"potentialAction\":[{\"@type\":\"SearchAction\",\"target\":{\"@type\":\"EntryPoint\",\"urlTemplate\":\"https:\/\/www.silutesmuziejus.lt\/?s={search_term_string}\"},\"query-input\":\"required name=search_term_string\"}],\"inLanguage\":\"en-US\"},{\"@type\":\"Organization\",\"@id\":\"https:\/\/www.silutesmuziejus.lt\/#organization\",\"name\":\"\u0160ilut\u0117s Hugo \u0160ojaus muziejus\",\"url\":\"https:\/\/www.silutesmuziejus.lt\/\",\"logo\":{\"@type\":\"ImageObject\",\"inLanguage\":\"en-US\",\"@id\":\"https:\/\/www.silutesmuziejus.lt\/#\/schema\/logo\/image\/\",\"url\":\"https:\/\/www.silutesmuziejus.lt\/wp-content\/uploads\/2024\/07\/logotipas.png\",\"contentUrl\":\"https:\/\/www.silutesmuziejus.lt\/wp-content\/uploads\/2024\/07\/logotipas.png\",\"width\":1200,\"height\":506,\"caption\":\"\u0160ilut\u0117s Hugo \u0160ojaus muziejus\"},\"image\":{\"@id\":\"https:\/\/www.silutesmuziejus.lt\/#\/schema\/logo\/image\/\"},\"sameAs\":[\"https:\/\/www.facebook.com\/SilutesMuziejus\/\"]}]}<\/script>\n<!-- \/ Yoast SEO plugin. -->","yoast_head_json":{"title":"\u0160ilut\u0117s Hugo \u0160ojaus muziejus &#8211; Vadov\u0173 darbotvark\u0117s","description":"\u0160ilut\u0117s Hugo \u0160ojaus muziejaus direktor\u0117s ir direktor\u0117s pavaduotojos vyriausiosios fond\u0173 saugotojos darbotvark\u0117s.","robots":{"index":"index","follow":"follow","max-snippet":"max-snippet:-1","max-image-preview":"max-image-preview:large","max-video-preview":"max-video-preview:-1"},"canonical":"https:\/\/www.silutesmuziejus.lt\/en\/home\/administracine-informacija-2\/vadovu-darbotvarkes\/","og_locale":"en_US","og_type":"article","og_title":"\u0160ilut\u0117s Hugo \u0160ojaus muziejus &#8211; Vadov\u0173 darbotvark\u0117s","og_description":"\u0160ilut\u0117s Hugo \u0160ojaus muziejaus direktor\u0117s ir direktor\u0117s pavaduotojos vyriausiosios fond\u0173 saugotojos darbotvark\u0117s.","og_url":"https:\/\/www.silutesmuziejus.lt\/en\/home\/administracine-informacija-2\/vadovu-darbotvarkes\/","og_site_name":"\u0160ilut\u0117s Hugo \u0160ojaus muziejus","article_publisher":"https:\/\/www.facebook.com\/SilutesMuziejus\/","article_modified_time":"2022-08-11T11:17:05+00:00","og_image":[{"width":1920,"height":1280,"url":"https:\/\/www.silutesmuziejus.lt\/wp-content\/uploads\/2022\/08\/silutes-muziejus-60d1a0f56c6e8.jpg","type":"image\/jpeg"}],"twitter_card":"summary_large_image","twitter_misc":{"Est. reading time":"1 minute"},"schema":{"@context":"https:\/\/schema.org","@graph":[{"@type":"WebPage","@id":"https:\/\/www.silutesmuziejus.lt\/home\/administracine-informacija-2\/vadovu-darbotvarkes\/","url":"https:\/\/www.silutesmuziejus.lt\/home\/administracine-informacija-2\/vadovu-darbotvarkes\/","name":"\u0160ilut\u0117s Hugo \u0160ojaus muziejus &#8211; Vadov\u0173 darbotvark\u0117s","isPartOf":{"@id":"https:\/\/www.silutesmuziejus.lt\/#website"},"primaryImageOfPage":{"@id":"https:\/\/www.silutesmuziejus.lt\/home\/administracine-informacija-2\/vadovu-darbotvarkes\/#primaryimage"},"image":{"@id":"https:\/\/www.silutesmuziejus.lt\/home\/administracine-informacija-2\/vadovu-darbotvarkes\/#primaryimage"},"thumbnailUrl":"https:\/\/www.silutesmuziejus.lt\/wp-content\/uploads\/2022\/08\/silutes-muziejus-60d1a0f56c6e8.jpg","datePublished":"2022-08-11T08:56:32+00:00","dateModified":"2022-08-11T11:17:05+00:00","description":"\u0160ilut\u0117s Hugo \u0160ojaus muziejaus direktor\u0117s ir direktor\u0117s pavaduotojos vyriausiosios fond\u0173 saugotojos darbotvark\u0117s.","breadcrumb":{"@id":"https:\/\/www.silutesmuziejus.lt\/home\/administracine-informacija-2\/vadovu-darbotvarkes\/#breadcrumb"},"inLanguage":"en-US","potentialAction":[{"@type":"ReadAction","target":["https:\/\/www.silutesmuziejus.lt\/home\/administracine-informacija-2\/vadovu-darbotvarkes\/"]}]},{"@type":"ImageObject","inLanguage":"en-US","@id":"https:\/\/www.silutesmuziejus.lt\/home\/administracine-informacija-2\/vadovu-darbotvarkes\/#primaryimage","url":"https:\/\/www.silutesmuziejus.lt\/wp-content\/uploads\/2022\/08\/silutes-muziejus-60d1a0f56c6e8.jpg","contentUrl":"https:\/\/www.silutesmuziejus.lt\/wp-content\/uploads\/2022\/08\/silutes-muziejus-60d1a0f56c6e8.jpg","width":1920,"height":1280},{"@type":"BreadcrumbList","@id":"https:\/\/www.silutesmuziejus.lt\/home\/administracine-informacija-2\/vadovu-darbotvarkes\/#breadcrumb","itemListElement":[{"@type":"ListItem","position":1,"name":"Home","item":"https:\/\/www.silutesmuziejus.lt\/"},{"@type":"ListItem","position":2,"name":"Pradinis","item":"https:\/\/www.silutesmuziejus.lt\/"},{"@type":"ListItem","position":3,"name":"Administracin\u0117 informacija","item":"https:\/\/www.silutesmuziejus.lt\/home\/administracine-informacija-2\/"},{"@type":"ListItem","position":4,"name":"Vadov\u0173 darbotvark\u0117s"}]},{"@type":"WebSite","@id":"https:\/\/www.silutesmuziejus.lt\/#website","url":"https:\/\/www.silutesmuziejus.lt\/","name":"\u0160ilut\u0117s Hugo \u0160ojaus muziejus","description":"Oficialus \u0160ilut\u0117s Hugo \u0160ojaus muziejaus internetinis puslapis.","publisher":{"@id":"https:\/\/www.silutesmuziejus.lt\/#organization"},"potentialAction":[{"@type":"SearchAction","target":{"@type":"EntryPoint","urlTemplate":"https:\/\/www.silutesmuziejus.lt\/?s={search_term_string}"},"query-input":"required name=search_term_string"}],"inLanguage":"en-US"},{"@type":"Organization","@id":"https:\/\/www.silutesmuziejus.lt\/#organization","name":"\u0160ilut\u0117s Hugo \u0160ojaus muziejus","url":"https:\/\/www.silutesmuziejus.lt\/","logo":{"@type":"ImageObject","inLanguage":"en-US","@id":"https:\/\/www.silutesmuziejus.lt\/#\/schema\/logo\/image\/","url":"https:\/\/www.silutesmuziejus.lt\/wp-content\/uploads\/2024\/07\/logotipas.png","contentUrl":"https:\/\/www.silutesmuziejus.lt\/wp-content\/uploads\/2024\/07\/logotipas.png","width":1200,"height":506,"caption":"\u0160ilut\u0117s Hugo \u0160ojaus muziejus"},"image":{"@id":"https:\/\/www.silutesmuziejus.lt\/#\/schema\/logo\/image\/"},"sameAs":["https:\/\/www.facebook.com\/SilutesMuziejus\/"]}]}},"post_mailing_queue_ids":[],"_links":{"self":[{"href":"https:\/\/www.silutesmuziejus.lt\/en\/wp-json\/wp\/v2\/pages\/11785"}],"collection":[{"href":"https:\/\/www.silutesmuziejus.lt\/en\/wp-json\/wp\/v2\/pages"}],"about":[{"href":"https:\/\/www.silutesmuziejus.lt\/en\/wp-json\/wp\/v2\/types\/page"}],"author":[{"embeddable":true,"href":"https:\/\/www.silutesmuziejus.lt\/en\/wp-json\/wp\/v2\/users\/6"}],"replies":[{"embeddable":true,"href":"https:\/\/www.silutesmuziejus.lt\/en\/wp-json\/wp\/v2\/comments?post=11785"}],"version-history":[{"count":4,"href":"https:\/\/www.silutesmuziejus.lt\/en\/wp-json\/wp\/v2\/pages\/11785\/revisions"}],"predecessor-version":[{"id":11794,"href":"https:\/\/www.silutesmuziejus.lt\/en\/wp-json\/wp\/v2\/pages\/11785\/revisions\/11794"}],"up":[{"embeddable":true,"href":"https:\/\/www.silutesmuziejus.lt\/en\/wp-json\/wp\/v2\/pages\/437"}],"wp:featuredmedia":[{"embeddable":true,"href":"https:\/\/www.silutesmuziejus.lt\/en\/wp-json\/wp\/v2\/media\/11786"}],"wp:attachment":[{"href":"https:\/\/www.silutesmuziejus.lt\/en\/wp-json\/wp\/v2\/media?parent=11785"}],"wp:term":[{"taxonomy":"category","embeddable":true,"href":"https:\/\/www.silutesmuziejus.lt\/en\/wp-json\/wp\/v2\/categories?post=11785"},{"taxonomy":"post_tag","embeddable":true,"href":"https:\/\/www.silutesmuziejus.lt\/en\/wp-json\/wp\/v2\/tags?post=11785"}],"curies":[{"name":"wp","href":"https:\/\/api.w.org\/{rel}","templated":true}]}}